{"id":22,"date":"2020-12-11T16:19:48","date_gmt":"2020-12-11T15:19:48","guid":{"rendered":"https:\/\/regio-site.de\/Entwuerfe\/wsv\/wordpress\/?page_id=22"},"modified":"2022-01-14T17:14:12","modified_gmt":"2022-01-14T16:14:12","slug":"antrag","status":"publish","type":"page","link":"https:\/\/regio-site.de\/Entwuerfe\/wsv\/wordpress\/?page_id=22","title":{"rendered":"Mitglied werden"},"content":{"rendered":"<ul class=\"wp-block-latest-posts__list wp-block-latest-posts\"><li><a href=\"https:\/\/regio-site.de\/Entwuerfe\/wsv\/wordpress\/?p=637\">Mitglied werden<\/a><div class=\"wp-block-latest-posts__post-full-content\"><!-- wp:media-text {\"mediaPosition\":\"right\",\"mediaId\":155,\"mediaLink\":\"https:\/\/regio-site.de\/Entwuerfe\/wsv\/wordpress\/loipe-mit-sonnenuntergang\/\",\"mediaType\":\"image\",\"mediaWidth\":40} -->\n<div class=\"wp-block-media-text alignwide has-media-on-the-right is-stacked-on-mobile\" style=\"grid-template-columns:auto 40%\"><figure class=\"wp-block-media-text__media\"><img loading=\"lazy\" width=\"1024\" height=\"768\" src=\"https:\/\/regio-site.de\/Entwuerfe\/wsv\/wordpress\/wp-content\/uploads\/2020\/12\/Loipe-mit-Sonnenuntergang-1024x768.jpg\" alt=\"\" class=\"wp-image-155 size-full\" srcset=\"https:\/\/regio-site.de\/Entwuerfe\/wsv\/wordpress\/wp-content\/uploads\/2020\/12\/Loipe-mit-Sonnenuntergang-1024x768.jpg 1024w, https:\/\/regio-site.de\/Entwuerfe\/wsv\/wordpress\/wp-content\/uploads\/2020\/12\/Loipe-mit-Sonnenuntergang-300x225.jpg 300w, https:\/\/regio-site.de\/Entwuerfe\/wsv\/wordpress\/wp-content\/uploads\/2020\/12\/Loipe-mit-Sonnenuntergang-768x576.jpg 768w, https:\/\/regio-site.de\/Entwuerfe\/wsv\/wordpress\/wp-content\/uploads\/2020\/12\/Loipe-mit-Sonnenuntergang-1536x1152.jpg 1536w, https:\/\/regio-site.de\/Entwuerfe\/wsv\/wordpress\/wp-content\/uploads\/2020\/12\/Loipe-mit-Sonnenuntergang.jpg 2000w\" sizes=\"(max-width: 1024px) 100vw, 1024px\" \/><\/figure><div class=\"wp-block-media-text__content\"><!-- wp:paragraph -->\n<p>Wenn Laufen, Skilaufen oder Mountainbiken auch zu Deinen Hobbys z\u00e4hlt und Du gerne gemeinsam mit anderen an verschiedenen Sportveranstaltungen teilnimmst oder wenn Du Dich auch nur ehrenamtlich in einem Verein engagieren m\u00f6chtest, dann werde doch Mitglied bei uns. Wir freuen uns \u00fcber alle sportlich mehr oder weniger Aktiven, die gern auch mal gemeinsam unterwegs sein m\u00f6chten und unserem Verein neue Impulse geben k\u00f6nnten. F\u00fcr Interessierte bieten wir eine 6-monatige &#8222;Schnuppermitgliedschaft&#8220; an.<\/p>\n<!-- \/wp:paragraph -->\n\n<!-- wp:paragraph -->\n<p><a href=\"https:\/\/regio-site.de\/Entwuerfe\/wsv\/wordpress\/wp-content\/uploads\/2020\/12\/Mitgliedsantrag-WSV-Ilmenau.pdf\">Antrag f\u00fcr eine Mitgliedschaft im Wintersportverein Ilmenau 1908 e.V.<\/a><\/p>\n<!-- \/wp:paragraph -->\n\n<!-- wp:paragraph -->\n<p><a href=\"https:\/\/regio-site.de\/Entwuerfe\/wsv\/wordpress\/wp-content\/uploads\/2020\/12\/Datenschutzinformation-zum-Mitgliedsantrag.pdf\">Datenschutzinformation zum Mitgliedsantrag<\/a><\/p>\n<!-- \/wp:paragraph -->\n\n<!-- wp:paragraph -->\n<p>Bei Fragen oder Interesse findest Du <a href=\"https:\/\/regio-site.de\/Entwuerfe\/wsv\/wordpress\/kontakt\/\">hier <\/a>einen Ansprechpartner und die Anfahrtsbeschreibung zur Vereinsh\u00fctte. <\/p>\n<!-- \/wp:paragraph -->\n\n<!-- wp:paragraph -->\n<p><\/p>\n<!-- \/wp:paragraph --><\/div><\/div>\n<!-- \/wp:media-text -->\n\n<!-- wp:paragraph -->\n<p><\/p>\n<!-- \/wp:paragraph --><\/div><\/li>\n<\/ul>\n\n\n<p class=\".wp-block-latest-posts li a&gt;div { display: none; }\"><\/p>\n","protected":false},"excerpt":{"rendered":"","protected":false},"author":1,"featured_media":0,"parent":0,"menu_order":0,"comment_status":"closed","ping_status":"closed","template":"","meta":[],"_links":{"self":[{"href":"https:\/\/regio-site.de\/Entwuerfe\/wsv\/wordpress\/index.php?rest_route=\/wp\/v2\/pages\/22"}],"collection":[{"href":"https:\/\/regio-site.de\/Entwuerfe\/wsv\/wordpress\/index.php?rest_route=\/wp\/v2\/pages"}],"about":[{"href":"https:\/\/regio-site.de\/Entwuerfe\/wsv\/wordpress\/index.php?rest_route=\/wp\/v2\/types\/page"}],"author":[{"embeddable":true,"href":"https:\/\/regio-site.de\/Entwuerfe\/wsv\/wordpress\/index.php?rest_route=\/wp\/v2\/users\/1"}],"replies":[{"embeddable":true,"href":"https:\/\/regio-site.de\/Entwuerfe\/wsv\/wordpress\/index.php?rest_route=%2Fwp%2Fv2%2Fcomments&post=22"}],"version-history":[{"count":38,"href":"https:\/\/regio-site.de\/Entwuerfe\/wsv\/wordpress\/index.php?rest_route=\/wp\/v2\/pages\/22\/revisions"}],"predecessor-version":[{"id":782,"href":"https:\/\/regio-site.de\/Entwuerfe\/wsv\/wordpress\/index.php?rest_route=\/wp\/v2\/pages\/22\/revisions\/782"}],"wp:attachment":[{"href":"https:\/\/regio-site.de\/Entwuerfe\/wsv\/wordpress\/index.php?rest_route=%2Fwp%2Fv2%2Fmedia&parent=22"}],"curies":[{"name":"wp","href":"https:\/\/api.w.org\/{rel}","templated":true}]}}