{"id":247,"date":"2020-12-22T10:07:12","date_gmt":"2020-12-22T09:07:12","guid":{"rendered":"https:\/\/regio-site.de\/Entwuerfe\/wsv\/wordpress\/?page_id=247"},"modified":"2021-02-08T22:34:27","modified_gmt":"2021-02-08T21:34:27","slug":"berichte","status":"publish","type":"page","link":"https:\/\/regio-site.de\/Entwuerfe\/wsv\/wordpress\/?page_id=247","title":{"rendered":"Laufberichte"},"content":{"rendered":"\n<div class=\"wp-block-group\"><div class=\"wp-block-group__inner-container\">\n<div class=\"wp-block-columns\">\n<div class=\"wp-block-column\" style=\"flex-basis:100%\">\n<div class=\"wp-block-group\"><div class=\"wp-block-group__inner-container\">\n<div class=\"wp-block-columns\">\n<div class=\"wp-block-column\" style=\"flex-basis:100%\"><ul class=\"wp-block-latest-posts__list has-dates wp-block-latest-posts\"><li><a href=\"https:\/\/regio-site.de\/Entwuerfe\/wsv\/wordpress\/?p=539\">Ilmenauer Skil\u00e4ufer in Kanada zu Worldloppet-Mastern gek\u00fchrt!<\/a><time datetime=\"2019-02-19T21:36:00+01:00\" class=\"wp-block-latest-posts__post-date\">19. Februar 2019<\/time><div class=\"wp-block-latest-posts__post-excerpt\">Mitte Februar machten sich 8 Skil\u00e4ufer vom WSV Ilmenau auf den Weg ins kanadische Ottawa, um dort am Gatineau Loppet, einem Skimarathon teilzunehmen.  Nicht grundlos nahmen die Sportler die weite Reise \u00fcber den \u201egro\u00dfen Teich\u201c auf sich: ihr gestecktes Ziel war die Erk\u00e4mpfung des Titels Worldloppet-Master. <p><a href=\"https:\/\/regio-site.de\/Entwuerfe\/wsv\/wordpress\/2019\/02\/19\/ilmenauer-skilaeufer-in-kanada-zu-worldloppet-mastern-gekuehrt\/\" class=\"more-link\">Weiterlesen<\/a><\/p> <\/div><\/li>\n<li><a href=\"https:\/\/regio-site.de\/Entwuerfe\/wsv\/wordpress\/?p=51\">K\u00f6nig Ludwigs Spuren im Neuschnee versunken<\/a><time datetime=\"2019-02-05T16:55:00+01:00\" class=\"wp-block-latest-posts__post-date\">5. Februar 2019<\/time><div class=\"wp-block-latest-posts__post-excerpt\">Zum 46. Mal fand am 2. und 3. Februar der legend\u00e4re K\u00f6nig-Ludwig-Skilanglauf, Deutschlands gr\u00f6\u00dfter Massenskilauf im bayrischen Oberammergau statt. Gro\u00df war die Erwartung, weil dieser Lauf nach Jahren der Schneeknappheit endlich wieder direkt auf den Spuren des M\u00e4rchenk\u00f6nigs durch den Park des ber\u00fchmten Schlosses Linderhof verlief. <p><a href=\"https:\/\/regio-site.de\/Entwuerfe\/wsv\/wordpress\/2019\/02\/05\/aktuelles-1\/\" class=\"more-link\">Weiterlesen<\/a><\/p><\/div><\/li>\n<li><a href=\"https:\/\/regio-site.de\/Entwuerfe\/wsv\/wordpress\/?p=549\">Angela Kuhne ist Worldloppet-Master<\/a><time datetime=\"2018-03-20T22:15:00+01:00\" class=\"wp-block-latest-posts__post-date\">20. M\u00e4rz 2018<\/time><div class=\"wp-block-latest-posts__post-excerpt\">Zehn verschiedene Skimarathons auf zwei unterschiedlichen Kontinenten muss man erfolgreich absolvieren, um den Titel \u201eWorldloppet-Master\u201c verliehen zu bekommen. Wobei \u201eMarathon\u201c nicht w\u00f6rtlich zu nehmen ist, denn z.B. der schwedische Wasa-Lauf (90 km) oder der italienische Marcialonga (73 km) f\u00fchren \u00fcber wesentlich l\u00e4ngere Distanzen als die klassischen 42 Kilometer. <p><a href=\"https:\/\/regio-site.de\/Entwuerfe\/wsv\/wordpress\/2018\/03\/20\/angela-kuhne-ist-worldloppet-master\/\" class=\"more-link\">Weiterlesen<\/a><\/p> <\/div><\/li>\n<li><a href=\"https:\/\/regio-site.de\/Entwuerfe\/wsv\/wordpress\/?p=156\">Starke Ilmenauer Beteiligung beim K\u00f6nig-Ludwig-Skilauf in Oberammergau<\/a><time datetime=\"2018-02-05T23:17:00+01:00\" class=\"wp-block-latest-posts__post-date\">5. Februar 2018<\/time><div class=\"wp-block-latest-posts__post-excerpt\">Bereits zum 45. Mal fand am ersten Wochenende im Februar Deutschlands gr\u00f6sster Volksskilanglauf in den Ammergauer Alpen statt. Er ist ein unvergessliches Wintererlebnis im Tal des M\u00e4rchenk\u00f6nigs Ludwig II mit einzigartigen kulturellen Highlights in einem der sch\u00f6nsten Hocht\u00e4ler Europas, vorbei am weltber\u00fchmten Kloster Ettal durch das Graswangtal, den Schlosspark von Linderhof bis in den Passionsspielort Oberammergau. <p><a href=\"https:\/\/regio-site.de\/Entwuerfe\/wsv\/wordpress\/2018\/02\/05\/starke-ilmenauer-beteiligung-beim-koenig-ludwig-skilauf-in-oberammergau\/\" class=\"more-link\">Weiterlesen<\/a><\/p><\/div><\/li>\n<li><a href=\"https:\/\/regio-site.de\/Entwuerfe\/wsv\/wordpress\/?p=453\">Bericht zum Osterlauf 2017<\/a><time datetime=\"2017-04-15T22:23:00+02:00\" class=\"wp-block-latest-posts__post-date\">15. April 2017<\/time><div class=\"wp-block-latest-posts__post-excerpt\">559 Teilnehmer lockte der 14. Ilmenauer Osterlauf an die Talsperre Heyda. Etwas verz\u00f6gert verlief in diesem Jahr die Startzeit der L\u00e4ufe, insgesamt war es wieder eine gelungene Veranstaltung mit sportlichen Herausforderungen, viel Spa\u00df und gro\u00dfem Einsatz der Organisation und allen Helfern. <p><a href=\"https:\/\/regio-site.de\/Entwuerfe\/wsv\/wordpress\/2017\/04\/15\/bericht-zum-osterlauf-2017\/\" class=\"more-link\">Weiterlesen<\/a><\/p> <\/div><\/li>\n<li><a href=\"https:\/\/regio-site.de\/Entwuerfe\/wsv\/wordpress\/?p=451\">Viele Ilmenauer bei Deutschlands gr\u00f6\u00dftem Massenskilauf in Oberammergau<\/a><time datetime=\"2017-02-12T22:15:00+01:00\" class=\"wp-block-latest-posts__post-date\">12. Februar 2017<\/time><div class=\"wp-block-latest-posts__post-excerpt\">Der 1968 ins Leben gerufene K\u00f6nig-Ludwig-Lauf ist heute der gr\u00f6\u00dfte Volksskilanglauf Deutschlands und wird bei Oberammergau und Ettal ausgetragen. Er ist Teil der Worldloppet-Serie und zugleich Weltmeisterschaft f\u00fcr \u00c4rzte und Apotheker. <p><a href=\"https:\/\/regio-site.de\/Entwuerfe\/wsv\/wordpress\/2017\/02\/12\/viele-ilmenauer-bei-deutschlands-groesstem-massenskilauf-in-oberammergau\/\" class=\"more-link\">Weiterlesen<\/a><\/p> <\/div><\/li>\n<\/ul><\/div>\n<\/div>\n<\/div><\/div>\n<\/div>\n<\/div>\n<\/div><\/div>\n","protected":false},"excerpt":{"rendered":"","protected":false},"author":1,"featured_media":0,"parent":0,"menu_order":0,"comment_status":"closed","ping_status":"closed","template":"","meta":[],"_links":{"self":[{"href":"https:\/\/regio-site.de\/Entwuerfe\/wsv\/wordpress\/index.php?rest_route=\/wp\/v2\/pages\/247"}],"collection":[{"href":"https:\/\/regio-site.de\/Entwuerfe\/wsv\/wordpress\/index.php?rest_route=\/wp\/v2\/pages"}],"about":[{"href":"https:\/\/regio-site.de\/Entwuerfe\/wsv\/wordpress\/index.php?rest_route=\/wp\/v2\/types\/page"}],"author":[{"embeddable":true,"href":"https:\/\/regio-site.de\/Entwuerfe\/wsv\/wordpress\/index.php?rest_route=\/wp\/v2\/users\/1"}],"replies":[{"embeddable":true,"href":"https:\/\/regio-site.de\/Entwuerfe\/wsv\/wordpress\/index.php?rest_route=%2Fwp%2Fv2%2Fcomments&post=247"}],"version-history":[{"count":8,"href":"https:\/\/regio-site.de\/Entwuerfe\/wsv\/wordpress\/index.php?rest_route=\/wp\/v2\/pages\/247\/revisions"}],"predecessor-version":[{"id":555,"href":"https:\/\/regio-site.de\/Entwuerfe\/wsv\/wordpress\/index.php?rest_route=\/wp\/v2\/pages\/247\/revisions\/555"}],"wp:attachment":[{"href":"https:\/\/regio-site.de\/Entwuerfe\/wsv\/wordpress\/index.php?rest_route=%2Fwp%2Fv2%2Fmedia&parent=247"}],"curies":[{"name":"wp","href":"https:\/\/api.w.org\/{rel}","templated":true}]}}