{"id":263,"date":"2020-12-23T15:00:14","date_gmt":"2020-12-23T14:00:14","guid":{"rendered":"https:\/\/regio-site.de\/Entwuerfe\/wsv\/wordpress\/?page_id=263"},"modified":"2021-02-22T23:18:09","modified_gmt":"2021-02-22T22:18:09","slug":"263-2","status":"publish","type":"page","link":"https:\/\/regio-site.de\/Entwuerfe\/wsv\/wordpress\/","title":{"rendered":"Startseite"},"content":{"rendered":"<!-- fwrsw_print_responsive_full_width_slider_wp_func --><div class='o-sliderContainer hasShadow pbSliderWrap1' id=\"pbSliderWrapfwrsw_69d06241ac3f7\" style=\"margin-top:0;\">\n        <div class='o-slider' id='pbSliderfwrsw_69d06241ac3f7'>\n                     \n                                     <div class=\"o-slider--item\" data-image=\"https:\/\/regio-site.de\/Entwuerfe\/wsv\/wordpress\/wp-content\/uploads\/full-width-responsive-slider-wp\/img_6015cbebb8b9d.jpg\">\n                                        <div class=\"o-slider-textWrap\">\n                                            \n                                             <span class=\"o-slider-title\">Herzlich Willkommen<\/span>\n                                             <span class=\"a-divider\"><\/span>\n                                             \n                                          \n                                            \n                                              <p class=\"o-slider-paragraph\">bei der Abteilung Ski Nordisch des Wintersportvereins Ilmenau e.V. \n                                              \n                                        <\/div>\n                                      <\/div>\n\n                                             \n                                     <div class=\"o-slider--item\" data-image=\"https:\/\/regio-site.de\/Entwuerfe\/wsv\/wordpress\/wp-content\/uploads\/full-width-responsive-slider-wp\/img_6015cbc164fc1.jpg\">\n                                        <div class=\"o-slider-textWrap\">\n                                            \n                                             <span class=\"o-slider-title\">Herzlich Willkommen<\/span>\n                                             <span class=\"a-divider\"><\/span>\n                                             \n                                          \n                                            \n                                              <p class=\"o-slider-paragraph\">bei der Abteilung Ski Nordisch des Wintersportvereins Ilmenau e.V. \n                                              \n                                        <\/div>\n                                      <\/div>\n\n                                             \n                                     <div class=\"o-slider--item\" data-image=\"https:\/\/regio-site.de\/Entwuerfe\/wsv\/wordpress\/wp-content\/uploads\/full-width-responsive-slider-wp\/img_6015c2882a426.jpg\">\n                                        <div class=\"o-slider-textWrap\">\n                                            \n                                             <span class=\"o-slider-title\">Herzlich Willkommen<\/span>\n                                             <span class=\"a-divider\"><\/span>\n                                             \n                                          \n                                            \n                                              <p class=\"o-slider-paragraph\">bei der Abteilung Ski Nordisch des Wintersportvereins Ilmenau e.V. \n                                              \n                                        <\/div>\n                                      <\/div>\n\n                                      \n\n                       \n        <\/div>\n    <\/div>\n        \n    <style>\n        .o-slider .a-sliderBg{\n            \n            background: rgba(0, 0, 0, 0.5);\n            transform: translateY(0);\n            transition: all .8s;\n            transition-delay: .4s;\n        } \n\n    <\/style>  \n        <script type=\"text\/javascript\">\n\n     document.addEventListener(\"DOMContentLoaded\", function() { \n\n              \n                 \n                 \n               jQuery('#pbSliderfwrsw_69d06241ac3f7').pbTouchSlider({\n                    slider_Wrap: '#pbSliderWrapfwrsw_69d06241ac3f7',\n                    auto_slide:false,\n                    auto_slide_interval:5000,\n                    slider_Item_Width : 100,\n                    slider_Threshold: 25,\n                    slider_Speed:1000,\n                    slider_Ease:'linear',\n                    slider_Drag : true,\n                    slider_Arrows: {\n                      enabled : true                    },\n                    slider_Dots: {\n                      class :'.o-slider-pagination',\n                      enabled : true,\n                      preview : false                    },\n                    slider_Breakpoints: {\n                        default: {\n                            height: 500                        },\n                        tablet: {\n                            height: 400,\n                            media: 1024\n                        },\n                        smartphone: {\n                            height: 300,\n                            media: 768\n                        }\n                    }\n                  });  \n\n\n        });\n\n\n    <\/script><!-- end fwrsw_print_responsive_full_width_slider_wp_func -->\n\n\n\n<h2>Aktuelles<\/h2>\n\n\n<ul class=\"wp-block-latest-posts__list has-dates wp-block-latest-posts\"><li><a href=\"https:\/\/regio-site.de\/Entwuerfe\/wsv\/wordpress\/?p=507\">Osterlauf 2021 pandemiebedingt abgesagt<\/a><time datetime=\"2021-02-22T22:15:00+01:00\" class=\"wp-block-latest-posts__post-date\">22. Februar 2021<\/time><div class=\"wp-block-latest-posts__post-excerpt\">Nach langer und intensiver Online-Diskussion haben wir uns f\u00fcr eine Absage des diesj\u00e4hrigen Osterlaufes \u2013 Rund um die Talsperre Heyda entschieden. Der Ilmenauer Osterlauf ist in der Laufszene f\u00fcr seine hervorragende Organisation und das famili\u00e4re Umfeld bekannt. Gerne h\u00e4tten wir wieder allen&#8230; <p><a href=\"https:\/\/regio-site.de\/Entwuerfe\/wsv\/wordpress\/2021\/02\/05\/osterlauf-2021\/\" class=\"more-link\">Weiterlesen<\/a><\/p><\/div><\/li>\n<li><a href=\"https:\/\/regio-site.de\/Entwuerfe\/wsv\/wordpress\/?p=158\">Osterlauf 2020 findet nicht statt<\/a><time datetime=\"2020-03-31T23:19:00+02:00\" class=\"wp-block-latest-posts__post-date\">31. M\u00e4rz 2020<\/time><div class=\"wp-block-latest-posts__post-excerpt\">Leider m\u00fcssen wir den diesj\u00e4hrigen Osterlauf zum geplanten Termin am 11. April 2020 aufgrund der zunehmenden Verbreitung des Coronavirus und beh\u00f6rdlicher Auflagen absagen. Eine Verschiebung des Laufes auf einen sp\u00e4teren Zeitpunkt ist nicht erstrebenswert, da der Osterlauf den Start in die Laufsaison darstellt und bereits zahlreiche L\u00e4ufe f\u00fcr den Herbst vorgesehen sind.<p><a href=\"https:\/\/regio-site.de\/Entwuerfe\/wsv\/wordpress\/?p=158\" class=\"more-link\">Weiterlesen<\/a><\/p><\/div><\/li>\n<\/ul>","protected":false},"excerpt":{"rendered":"<p>Aktuelles<\/p>\n","protected":false},"author":1,"featured_media":0,"parent":0,"menu_order":0,"comment_status":"closed","ping_status":"closed","template":"","meta":[],"_links":{"self":[{"href":"https:\/\/regio-site.de\/Entwuerfe\/wsv\/wordpress\/index.php?rest_route=\/wp\/v2\/pages\/263"}],"collection":[{"href":"https:\/\/regio-site.de\/Entwuerfe\/wsv\/wordpress\/index.php?rest_route=\/wp\/v2\/pages"}],"about":[{"href":"https:\/\/regio-site.de\/Entwuerfe\/wsv\/wordpress\/index.php?rest_route=\/wp\/v2\/types\/page"}],"author":[{"embeddable":true,"href":"https:\/\/regio-site.de\/Entwuerfe\/wsv\/wordpress\/index.php?rest_route=\/wp\/v2\/users\/1"}],"replies":[{"embeddable":true,"href":"https:\/\/regio-site.de\/Entwuerfe\/wsv\/wordpress\/index.php?rest_route=%2Fwp%2Fv2%2Fcomments&post=263"}],"version-history":[{"count":6,"href":"https:\/\/regio-site.de\/Entwuerfe\/wsv\/wordpress\/index.php?rest_route=\/wp\/v2\/pages\/263\/revisions"}],"predecessor-version":[{"id":578,"href":"https:\/\/regio-site.de\/Entwuerfe\/wsv\/wordpress\/index.php?rest_route=\/wp\/v2\/pages\/263\/revisions\/578"}],"wp:attachment":[{"href":"https:\/\/regio-site.de\/Entwuerfe\/wsv\/wordpress\/index.php?rest_route=%2Fwp%2Fv2%2Fmedia&parent=263"}],"curies":[{"name":"wp","href":"https:\/\/api.w.org\/{rel}","templated":true}]}}