{"id":31,"date":"2020-12-11T16:22:21","date_gmt":"2020-12-11T15:22:21","guid":{"rendered":"https:\/\/regio-site.de\/Entwuerfe\/wsv\/wordpress\/?page_id=31"},"modified":"2021-01-15T22:52:51","modified_gmt":"2021-01-15T21:52:51","slug":"abwintern","status":"publish","type":"page","link":"https:\/\/regio-site.de\/Entwuerfe\/wsv\/wordpress\/?page_id=31","title":{"rendered":"Abwintern"},"content":{"rendered":"\n<div class=\"wp-block-media-text alignwide is-stacked-on-mobile\"><figure class=\"wp-block-media-text__media\"><img loading=\"lazy\" width=\"1024\" height=\"805\" src=\"https:\/\/regio-site.de\/Entwuerfe\/wsv\/wordpress\/wp-content\/uploads\/2020\/12\/Abwintern_Schneemann-1024x805.jpg\" alt=\"Lothar und Werner bei der traditionellen Abwinterzeremonie vor der Vereinsh\u00fcttel im Gabelbach\" class=\"wp-image-86 size-full\" srcset=\"https:\/\/regio-site.de\/Entwuerfe\/wsv\/wordpress\/wp-content\/uploads\/2020\/12\/Abwintern_Schneemann-1024x805.jpg 1024w, https:\/\/regio-site.de\/Entwuerfe\/wsv\/wordpress\/wp-content\/uploads\/2020\/12\/Abwintern_Schneemann-300x236.jpg 300w, https:\/\/regio-site.de\/Entwuerfe\/wsv\/wordpress\/wp-content\/uploads\/2020\/12\/Abwintern_Schneemann-768x604.jpg 768w, https:\/\/regio-site.de\/Entwuerfe\/wsv\/wordpress\/wp-content\/uploads\/2020\/12\/Abwintern_Schneemann-1536x1208.jpg 1536w, https:\/\/regio-site.de\/Entwuerfe\/wsv\/wordpress\/wp-content\/uploads\/2020\/12\/Abwintern_Schneemann-1200x944.jpg 1200w, https:\/\/regio-site.de\/Entwuerfe\/wsv\/wordpress\/wp-content\/uploads\/2020\/12\/Abwintern_Schneemann-1980x1557.jpg 1980w, https:\/\/regio-site.de\/Entwuerfe\/wsv\/wordpress\/wp-content\/uploads\/2020\/12\/Abwintern_Schneemann.jpg 2000w\" sizes=\"(max-width: 1024px) 100vw, 1024px\" \/><\/figure><div class=\"wp-block-media-text__content\">\n<p>Traditionell verabschiedet der WSV Ilmenau am letzen Samstag im April die&nbsp;Wintersaison mit sportlichen Aktivit\u00e4ten f\u00fcr Klein und Gro\u00df sowie der Grabrede.<\/p>\n\n\n\n<p>Bei Fr\u00fchjahrscross am Lindenberg k\u00f6nnen die L\u00e4uferinnen und L\u00e4ufer Strecken von 2 km oder 6 km in Angriff nehmen. F\u00fcr die Bambinis wird eine Runde von 600 m angeboten.<\/p>\n\n\n\n<p>Au\u00dferdem gibt es ein Volleyballtunier, ein Turnier der Eisstocksch\u00fctzen und einen Berganstiegslauf am Auslauf der ehemaligen Sprungschanze.  <\/p>\n\n\n\n<p><a href=\"https:\/\/regio-site.de\/Entwuerfe\/wsv\/wordpress\/wp-content\/uploads\/2020\/12\/Grabrede_WSV_2019.pdf\">Grabrede von 2019<\/a><\/p>\n<\/div><\/div>\n","protected":false},"excerpt":{"rendered":"<p>Traditionell verabschiedet der WSV Ilmenau am letzen Samstag im April die&nbsp;Wintersaison mit sportlichen Aktivit\u00e4ten f\u00fcr Klein und Gro\u00df sowie der Grabrede. Bei Fr\u00fchjahrscross am Lindenberg k\u00f6nnen die L\u00e4uferinnen und L\u00e4ufer Strecken von 2 km oder 6 km in Angriff nehmen. F\u00fcr die Bambinis wird eine Runde von 600 m angeboten. Au\u00dferdem gibt es ein Volleyballtunier,<\/p>\n<p><a href=\"https:\/\/regio-site.de\/Entwuerfe\/wsv\/wordpress\/?page_id=31\" class=\"more-link\">Weiterlesen<\/a><\/p>\n","protected":false},"author":1,"featured_media":0,"parent":0,"menu_order":0,"comment_status":"closed","ping_status":"closed","template":"","meta":[],"_links":{"self":[{"href":"https:\/\/regio-site.de\/Entwuerfe\/wsv\/wordpress\/index.php?rest_route=\/wp\/v2\/pages\/31"}],"collection":[{"href":"https:\/\/regio-site.de\/Entwuerfe\/wsv\/wordpress\/index.php?rest_route=\/wp\/v2\/pages"}],"about":[{"href":"https:\/\/regio-site.de\/Entwuerfe\/wsv\/wordpress\/index.php?rest_route=\/wp\/v2\/types\/page"}],"author":[{"embeddable":true,"href":"https:\/\/regio-site.de\/Entwuerfe\/wsv\/wordpress\/index.php?rest_route=\/wp\/v2\/users\/1"}],"replies":[{"embeddable":true,"href":"https:\/\/regio-site.de\/Entwuerfe\/wsv\/wordpress\/index.php?rest_route=%2Fwp%2Fv2%2Fcomments&post=31"}],"version-history":[{"count":14,"href":"https:\/\/regio-site.de\/Entwuerfe\/wsv\/wordpress\/index.php?rest_route=\/wp\/v2\/pages\/31\/revisions"}],"predecessor-version":[{"id":634,"href":"https:\/\/regio-site.de\/Entwuerfe\/wsv\/wordpress\/index.php?rest_route=\/wp\/v2\/pages\/31\/revisions\/634"}],"wp:attachment":[{"href":"https:\/\/regio-site.de\/Entwuerfe\/wsv\/wordpress\/index.php?rest_route=%2Fwp%2Fv2%2Fmedia&parent=31"}],"curies":[{"name":"wp","href":"https:\/\/api.w.org\/{rel}","templated":true}]}}