{"id":751,"date":"2022-01-13T22:54:31","date_gmt":"2022-01-13T21:54:31","guid":{"rendered":"https:\/\/regio-site.de\/Entwuerfe\/wsv\/wordpress\/?page_id=751"},"modified":"2022-01-14T17:58:19","modified_gmt":"2022-01-14T16:58:19","slug":"kontakt-2","status":"publish","type":"page","link":"https:\/\/regio-site.de\/Entwuerfe\/wsv\/wordpress\/?page_id=751","title":{"rendered":"Kontakt"},"content":{"rendered":"<ul class=\"wp-block-latest-posts__list wp-block-latest-posts\"><li><a href=\"https:\/\/regio-site.de\/Entwuerfe\/wsv\/wordpress\/?p=747\">Kontakt<\/a><div class=\"wp-block-latest-posts__post-full-content\"><!-- wp:media-text {\"mediaPosition\":\"right\",\"mediaId\":479,\"mediaLink\":\"https:\/\/regio-site.de\/Entwuerfe\/wsv\/wordpress\/skihuette_web\/\",\"mediaType\":\"image\",\"mediaWidth\":54,\"imageFill\":false} -->\n<div class=\"wp-block-media-text alignwide has-media-on-the-right is-stacked-on-mobile\" style=\"grid-template-columns:auto 54%\"><figure class=\"wp-block-media-text__media\"><img loading=\"lazy\" width=\"1024\" height=\"634\" src=\"https:\/\/regio-site.de\/Entwuerfe\/wsv\/wordpress\/wp-content\/uploads\/2021\/01\/Skihuette_web-1024x634.jpg\" alt=\"\" class=\"wp-image-479 size-full\" \/><\/figure><div class=\"wp-block-media-text__content\"><!-- wp:paragraph -->\n<p>Wintersportverein Ilmenau 1908 e.V.<br>&#8211; Abteilung Ski Nordisch &#8211; <br>Werner Gratias<br>Krankenhausstra\u00dfe 22<br>98693 Ilmenau<\/p>\n<!-- \/wp:paragraph -->\n\n<!-- wp:paragraph -->\n<p>Tel.: 03677 883600<br>E-Mail: <a href=\"mailto:kontakt@wsv-ilmenau.de\">kontakt@wsv-ilmenau.de<\/a><br>Internet: <a href=\"http:\/\/www.wsv.ilmenau.de\">www.wsv-ilmenau.de<\/a><br><\/p>\n<!-- \/wp:paragraph -->\n\n<!-- wp:spacer {\"height\":19} -->\n<div style=\"height:19px\" aria-hidden=\"true\" class=\"wp-block-spacer\"><\/div>\n<!-- \/wp:spacer -->\n\n<!-- wp:heading -->\n<h2>Anfahrt<\/h2>\n<!-- \/wp:heading -->\n\n<!-- wp:paragraph -->\n<p>Unsere Vereinsheim befindet sich am Auslauf der ehemaligen Lindenberg-Sprungschanze im Gabelbachtal. Man gelangt dorthin \u00fcber die Stra\u00dfe von Ilmenau Richtung Neustadt. Hinter dem Ritzeb\u00fchlteich am Ortsausgang f\u00fchrt auf der linken Seite ein Waldweg zun\u00e4chst an den Tennispl\u00e4tzen und dem Alpinhang vorbei direkt zur Skih\u00fctte. <\/p>\n<!-- \/wp:paragraph --><\/div><\/div>\n<!-- \/wp:media-text --><\/div><\/li>\n<\/ul>\n\n\n<p><\/p>\n","protected":false},"excerpt":{"rendered":"","protected":false},"author":1,"featured_media":0,"parent":0,"menu_order":0,"comment_status":"closed","ping_status":"closed","template":"","meta":[],"_links":{"self":[{"href":"https:\/\/regio-site.de\/Entwuerfe\/wsv\/wordpress\/index.php?rest_route=\/wp\/v2\/pages\/751"}],"collection":[{"href":"https:\/\/regio-site.de\/Entwuerfe\/wsv\/wordpress\/index.php?rest_route=\/wp\/v2\/pages"}],"about":[{"href":"https:\/\/regio-site.de\/Entwuerfe\/wsv\/wordpress\/index.php?rest_route=\/wp\/v2\/types\/page"}],"author":[{"embeddable":true,"href":"https:\/\/regio-site.de\/Entwuerfe\/wsv\/wordpress\/index.php?rest_route=\/wp\/v2\/users\/1"}],"replies":[{"embeddable":true,"href":"https:\/\/regio-site.de\/Entwuerfe\/wsv\/wordpress\/index.php?rest_route=%2Fwp%2Fv2%2Fcomments&post=751"}],"version-history":[{"count":2,"href":"https:\/\/regio-site.de\/Entwuerfe\/wsv\/wordpress\/index.php?rest_route=\/wp\/v2\/pages\/751\/revisions"}],"predecessor-version":[{"id":779,"href":"https:\/\/regio-site.de\/Entwuerfe\/wsv\/wordpress\/index.php?rest_route=\/wp\/v2\/pages\/751\/revisions\/779"}],"wp:attachment":[{"href":"https:\/\/regio-site.de\/Entwuerfe\/wsv\/wordpress\/index.php?rest_route=%2Fwp%2Fv2%2Fmedia&parent=751"}],"curies":[{"name":"wp","href":"https:\/\/api.w.org\/{rel}","templated":true}]}}